{"id":7698,"date":"2022-03-30T11:51:43","date_gmt":"2022-03-30T09:51:43","guid":{"rendered":"https:\/\/monstertruckpoland.pl\/?post_type=product&#038;p=7698"},"modified":"2026-04-17T12:57:11","modified_gmt":"2026-04-17T10:57:11","slug":"rozszerzenie-jazdy-o-tratowanie-wrakow","status":"publish","type":"product","link":"https:\/\/monstertruckpoland.pl\/en\/sklep\/rozszerzenie-jazdy-o-tratowanie-wrakow\/","title":{"rendered":"Expand to include Wreck Riding"},"content":{"rendered":"<p data-start=\"190\" data-end=\"361\">Ze wzgl\u0119d\u00f3w bezpiecze\u0144stwa i konieczno\u015bci opanowania pojazdu, jazda po wrakach mo\u017cliwa jest wy\u0142\u0105cznie w ramach <strong data-start=\"316\" data-end=\"358\">pakietu 30-minutowego.<\/strong><\/p>\n<p data-start=\"84\" data-end=\"186\">Je\u015bli posiadasz <strong>pakiet 15 minut<\/strong>, mo\u017cesz rozszerzy\u0107 go do <strong>30 minutes<\/strong>, dokupuj\u0105c odpowiednie rozszerzenie.<\/p>\n<p data-start=\"188\" data-end=\"317\"><strong>Pakiety 30 lub 40 minut jazdy Monster Truckiem<\/strong> mo\u017cesz dodatkowo wzbogaci\u0107 o opcj\u0119 przejazdu po specjalnie przygotowanych wrakach.<\/p>\n<p data-start=\"319\" data-end=\"457\">Aby doda\u0107 Tratowanie Wrak\u00f3w, wystarczy zakupi\u0107 ten produkt i poinformowa\u0107 nas o tym podczas sk\u0142adania rezerwacji \u2013 reszt\u0105 zajmiemy si\u0119 my.<\/p>","protected":false},"excerpt":{"rendered":"<p>Wybieraj\u0105c ten produkt, mo\u017cesz w prosty spos\u00f3b rozszerzy\u0107 sw\u00f3j pakiet o Tratowanie Wrak\u00f3w! Uwaga \u2013 opcja dost\u0119pna wy\u0142\u0105cznie podczas realizacji w Gassach k. Warszawy oraz w Jaworznie.<\/p>","protected":false},"featured_media":16282,"comment_status":"closed","ping_status":"closed","template":"","meta":[],"product_brand":[],"product_cat":[22,70],"product_tag":[110,87,109,71],"class_list":{"0":"post-7698","1":"product","2":"type-product","3":"status-publish","4":"has-post-thumbnail","6":"product_cat-gassy","7":"product_cat-przezycia","8":"product_tag-1-osoba","9":"product_tag-monster-truck","10":"product_tag-rozszerzenie","11":"product_tag-tratowanie","13":"first","14":"instock","15":"taxable","16":"shipping-taxable","17":"purchasable","18":"product-type-variable"},"_links":{"self":[{"href":"https:\/\/monstertruckpoland.pl\/en\/wp-json\/wp\/v2\/product\/7698","targetHints":{"allow":["GET"]}}],"collection":[{"href":"https:\/\/monstertruckpoland.pl\/en\/wp-json\/wp\/v2\/product"}],"about":[{"href":"https:\/\/monstertruckpoland.pl\/en\/wp-json\/wp\/v2\/types\/product"}],"replies":[{"embeddable":true,"href":"https:\/\/monstertruckpoland.pl\/en\/wp-json\/wp\/v2\/comments?post=7698"}],"version-history":[{"count":7,"href":"https:\/\/monstertruckpoland.pl\/en\/wp-json\/wp\/v2\/product\/7698\/revisions"}],"predecessor-version":[{"id":31266,"href":"https:\/\/monstertruckpoland.pl\/en\/wp-json\/wp\/v2\/product\/7698\/revisions\/31266"}],"wp:featuredmedia":[{"embeddable":true,"href":"https:\/\/monstertruckpoland.pl\/en\/wp-json\/wp\/v2\/media\/16282"}],"wp:attachment":[{"href":"https:\/\/monstertruckpoland.pl\/en\/wp-json\/wp\/v2\/media?parent=7698"}],"wp:term":[{"taxonomy":"product_brand","embeddable":true,"href":"https:\/\/monstertruckpoland.pl\/en\/wp-json\/wp\/v2\/product_brand?post=7698"},{"taxonomy":"product_cat","embeddable":true,"href":"https:\/\/monstertruckpoland.pl\/en\/wp-json\/wp\/v2\/product_cat?post=7698"},{"taxonomy":"product_tag","embeddable":true,"href":"https:\/\/monstertruckpoland.pl\/en\/wp-json\/wp\/v2\/product_tag?post=7698"}],"curies":[{"name":"wp","href":"https:\/\/api.w.org\/{rel}","templated":true}]}}