{"id":3366,"date":"2020-11-30T16:46:08","date_gmt":"2020-11-30T15:46:08","guid":{"rendered":"https:\/\/monstertruckpoland.pl\/?post_type=product&#038;p=3366"},"modified":"2026-04-16T16:02:51","modified_gmt":"2026-04-16T14:02:51","slug":"przedluz-waznosc-vouchera","status":"publish","type":"product","link":"https:\/\/monstertruckpoland.pl\/en\/sklep\/przedluz-waznosc-vouchera\/","title":{"rendered":"Extend validity of the voucher"},"content":{"rendered":"<p data-start=\"150\" data-end=\"292\">Aby przed\u0142u\u017cy\u0107 wa\u017cno\u015b\u0107 posiadanego vouchera o dodatkowy rok, podaj jego numer w polu powy\u017cej, a reszt\u0105 zajmie si\u0119 nasze biuro obs\u0142ugi klienta.<\/p>\n<p data-start=\"294\" data-end=\"551\">Przed\u0142u\u017cenie wa\u017cno\u015bci obowi\u0105zuje r\u00f3wnie\u017c w przypadku, gdy uczestnik <strong data-start=\"362\" data-end=\"451\">nie stawi\u0142 si\u0119 na zaplanowany przejazd i nie odwo\u0142a\u0142 rezerwacji z minimum 5-dniowym wyprzedzeniem<\/strong> \u2013 w takiej sytuacji istnieje mo\u017cliwo\u015b\u0107 wykupienia przed\u0142u\u017cenia i ponownego skorzystania z vouchera.<\/p>\n<p data-start=\"553\" data-end=\"639\">You will receive confirmation of the extended validity via email after the order is finalized.<\/p>","protected":false},"excerpt":{"rendered":"<p>Przed\u0142u\u017c wa\u017cno\u015b\u0107 swojego vouchera o kolejny rok, podaj\u0105c jego numer powy\u017cej. Opcja dotyczy r\u00f3wnie\u017c sytuacji, gdy nie dosz\u0142o do realizacji przejazdu z powodu braku wcze\u015bniejszego odwo\u0142ania (min. 5 dni).<br data-start=\"242\" data-end=\"245\" data-is-only-node=\"\" \/>Po zakupie otrzymasz mailowe potwierdzenie przed\u0142u\u017cenia.<\/p>","protected":false},"featured_media":16281,"comment_status":"closed","ping_status":"closed","template":"","meta":[],"product_brand":[],"product_cat":[22,21,102],"product_tag":[109],"class_list":{"0":"post-3366","1":"product","2":"type-product","3":"status-publish","4":"has-post-thumbnail","6":"product_cat-gassy","7":"product_cat-jaworzno","8":"product_cat-rybojedzko","9":"product_tag-rozszerzenie","11":"first","12":"instock","13":"taxable","14":"shipping-taxable","15":"purchasable","16":"product-type-variable"},"_links":{"self":[{"href":"https:\/\/monstertruckpoland.pl\/en\/wp-json\/wp\/v2\/product\/3366","targetHints":{"allow":["GET"]}}],"collection":[{"href":"https:\/\/monstertruckpoland.pl\/en\/wp-json\/wp\/v2\/product"}],"about":[{"href":"https:\/\/monstertruckpoland.pl\/en\/wp-json\/wp\/v2\/types\/product"}],"replies":[{"embeddable":true,"href":"https:\/\/monstertruckpoland.pl\/en\/wp-json\/wp\/v2\/comments?post=3366"}],"version-history":[{"count":4,"href":"https:\/\/monstertruckpoland.pl\/en\/wp-json\/wp\/v2\/product\/3366\/revisions"}],"predecessor-version":[{"id":28585,"href":"https:\/\/monstertruckpoland.pl\/en\/wp-json\/wp\/v2\/product\/3366\/revisions\/28585"}],"wp:featuredmedia":[{"embeddable":true,"href":"https:\/\/monstertruckpoland.pl\/en\/wp-json\/wp\/v2\/media\/16281"}],"wp:attachment":[{"href":"https:\/\/monstertruckpoland.pl\/en\/wp-json\/wp\/v2\/media?parent=3366"}],"wp:term":[{"taxonomy":"product_brand","embeddable":true,"href":"https:\/\/monstertruckpoland.pl\/en\/wp-json\/wp\/v2\/product_brand?post=3366"},{"taxonomy":"product_cat","embeddable":true,"href":"https:\/\/monstertruckpoland.pl\/en\/wp-json\/wp\/v2\/product_cat?post=3366"},{"taxonomy":"product_tag","embeddable":true,"href":"https:\/\/monstertruckpoland.pl\/en\/wp-json\/wp\/v2\/product_tag?post=3366"}],"curies":[{"name":"wp","href":"https:\/\/api.w.org\/{rel}","templated":true}]}}