{"id":29240,"date":"2026-01-26T11:01:09","date_gmt":"2026-01-26T10:01:09","guid":{"rendered":"https:\/\/monstertruckpoland.pl\/?post_type=product&#038;p=29240"},"modified":"2026-04-15T12:28:01","modified_gmt":"2026-04-15T10:28:01","slug":"jazda-monster-truckiem-dla-dzieci-jaworzno","status":"publish","type":"product","link":"https:\/\/monstertruckpoland.pl\/en\/sklep\/jazda-monster-truckiem-dla-dzieci-jaworzno\/","title":{"rendered":"Jazda Monster Truckiem dla dzieci Jaworzno"},"content":{"rendered":"<div data-elementor-type=\"product-post\" data-elementor-id=\"29240\" class=\"elementor elementor-29240\" data-elementor-post-type=\"product\">\n\t\t\t\t<div class=\"elementor-element elementor-element-72d52289 e-flex e-con-boxed e-con e-parent\" data-id=\"72d52289\" data-element_type=\"container\" data-e-type=\"container\">\n\t\t\t\t\t<div class=\"e-con-inner\">\n\t\t\t\t<div class=\"elementor-element elementor-element-5398c127 elementor-widget elementor-widget-text-editor\" data-id=\"5398c127\" data-element_type=\"widget\" data-e-type=\"widget\" data-widget_type=\"text-editor.default\">\n\t\t\t\t\t\t\t\t\t<style>\n  .jmt-wrapper {\n    max-width: 1000px;\n    margin: 0 auto;\n    font-family: 'Inter', 'Segoe UI', Roboto, sans-serif;\n    color: #1a1a1a;\n    line-height: 1.6;\n    background: #ffffff;\n    padding: 15px;\n    box-sizing: border-box;\n    overflow-x: hidden;\n  }\n\n  \/* NAG\u0141\u00d3WEK *\/\n  #jmt-top { \/* Punkt kotwicy *\/\n    scroll-margin-top: 20px;\n  }\n  .jmt-hero {\n    text-align: center;\n    padding: 20px 0;\n  }\n  .jmt-hero h1 {\n    font-size: clamp(22px, 7vw, 38px);\n    font-weight: 900;\n    text-transform: uppercase;\n    margin: 0 0 10px 0;\n    line-height: 1.1;\n    color: #000;\n  }\n  .jmt-hero .blue { color: #0056b3; }\n  .jmt-hero p { font-size: 16px; color: #555; max-width: 800px; margin: 0 auto; font-weight: 500; }\n\n  \/* ALERT PRZEDSPRZEDA\u017bY *\/\n  .jmt-alert {\n    background: #fff4e5;\n    border: 2px dashed #ff9800;\n    padding: 15px;\n    border-radius: 20px;\n    margin: 20px 0;\n    display: flex;\n    align-items: center;\n    gap: 15px;\n  }\n  @media (max-width: 480px) {\n    .jmt-alert { flex-direction: column; text-align: center; gap: 5px; }\n  }\n  .jmt-alert-icon { font-size: 24px; }\n  .jmt-alert-text { font-size: 14px; }\n  .jmt-alert-text b { color: #e65100; text-transform: uppercase; }\n\n  \/* SPECYFIKACJA *\/\n  .jmt-specs {\n    display: grid;\n    grid-template-columns: repeat(2, 1fr);\n    gap: 10px;\n    margin: 20px 0 30px 0;\n  }\n  @media (min-width: 700px) { .jmt-specs { grid-template-columns: repeat(4, 1fr); } }\n  @media (max-width: 380px) { .jmt-specs { grid-template-columns: 1fr; } }\n\n  .jmt-spec-box {\n    background: #f0f7ff;\n    padding: 12px;\n    border-radius: 15px;\n    text-align: center;\n    border: 1px solid #d0e3ff;\n    display: flex;\n    flex-direction: column;\n    justify-content: center;\n  }\n  .jmt-spec-box b { display: block; font-size: 10px; color: #0056b3; text-transform: uppercase; margin-bottom: 2px; }\n  .jmt-spec-box span { font-weight: 800; font-size: 13px; line-height: 1.2; }\n\n  \/* PANELE OPISOWE *\/\n  .jmt-grid {\n    display: grid;\n    grid-template-columns: 1fr;\n    gap: 15px;\n    margin-bottom: 30px;\n  }\n  @media (min-width: 768px) { .jmt-grid { grid-template-columns: 1fr 1fr; } }\n\n  .jmt-card {\n    background: #ffffff;\n    border: 1px solid #eaeaea;\n    padding: 20px;\n    border-radius: 25px;\n    box-shadow: 0 5px 15px rgba(0,0,0,0.02);\n  }\n  .jmt-card h3 {\n    margin-top: 0;\n    font-size: 19px;\n    font-weight: 900;\n    text-transform: uppercase;\n    color: #0056b3;\n    margin-bottom: 10px;\n  }\n\n  \/* BEZPIECZE\u0143STWO *\/\n  .jmt-safety-mega-section {\n    background: #f8fbff;\n    border: 3px solid #0056b3;\n    border-radius: 25px;\n    padding: 25px 20px;\n    margin: 30px 0;\n  }\n  .jmt-safety-header {\n    display: flex;\n    align-items: center;\n    gap: 15px;\n    margin-bottom: 20px;\n  }\n  @media (max-width: 480px) {\n    .jmt-safety-header { flex-direction: column; text-align: center; }\n  }\n  .jmt-safety-icon {\n    font-size: 35px;\n    background: #0056b3;\n    min-width: 65px;\n    height: 65px;\n    display: flex;\n    align-items: center;\n    justify-content: center;\n    border-radius: 18px;\n    color: white;\n  }\n  .jmt-safety-mega-section h2 {\n    margin: 0;\n    font-size: clamp(18px, 5vw, 26px);\n    font-weight: 900;\n    text-transform: uppercase;\n    color: #0056b3;\n    line-height: 1.2;\n  }\n  .jmt-safety-grid {\n    display: grid;\n    grid-template-columns: 1fr;\n    gap: 12px;\n  }\n  @media (min-width: 640px) { .jmt-safety-grid { grid-template-columns: 1fr 1fr; } }\n  \n  .jmt-safety-point {\n    background: #ffffff;\n    padding: 12px 15px;\n    border-radius: 12px;\n    border-left: 5px solid #0056b3;\n    font-weight: 600;\n    font-size: 14px;\n    box-shadow: 0 2px 8px rgba(0,0,0,0.04);\n    word-wrap: break-word;\n  }\n\n  \/* SEKCJA OPINII *\/\n  .jmt-reviews-header {\n    text-align: center;\n    margin: 40px 0 15px 0;\n  }\n  .jmt-reviews-header h2 {\n    font-size: 22px;\n    font-weight: 900;\n    text-transform: uppercase;\n    color: #1a1a1a;\n    margin-bottom: 5px;\n  }\n  .jmt-reviews-header p {\n    color: #666;\n    font-size: 14px;\n    margin: 0;\n  }\n\n  \/* STOPKA *\/\n  .jmt-footer {\n    text-align: center;\n    padding: 30px 15px;\n    background: #f8f9fa;\n    border-radius: 25px;\n    margin-top: 30px;\n  }\n  .jmt-cta-btn {\n    display: inline-block;\n    background: #0056b3;\n    color: #fff !important;\n    text-decoration: none;\n    padding: 16px 35px;\n    border-radius: 50px;\n    font-weight: 900;\n    text-transform: uppercase;\n    font-size: 14px;\n    box-shadow: 0 8px 15px rgba(0,86,179,0.2);\n    cursor: pointer;\n  }\n<\/style>\n\n<div class=\"jmt-wrapper\" id=\"jmt-top\">\n  <!-- Hero -->\n  <header class=\"jmt-hero\">\n    <h1>Jazda <span class=\"blue\">Mini Monster Truck Driving Experience<\/span> Jaworzno<\/h1>\n    <p>Pierwsze motoryzacyjne emocje w bezpiecznej, terenowej ods\u0142onie \u2013 idealne dla dzieci od 6. roku \u017cycia.<\/p>\n  <\/header>\n\n  <!-- Alert Przedsprzeda\u017c -->\n  <div class=\"jmt-alert\">\n    <div class=\"jmt-alert-icon\">\ud83d\udcc5<\/div>\n    <div class=\"jmt-alert-text\">\n      <b>Produkt w przedsprzeda\u017cy:<\/b> Pierwsze jazdy w Jaworznie ruszaj\u0105 w <b>lipcu<\/b>. Voucher kupiony teraz zachowuje wa\u017cno\u015b\u0107 i gwarantuje miejsce!\n    <\/div>\n  <\/div>\n\n  <!-- Specyfikacja -->\n  <section class=\"jmt-specs\">\n    <div class=\"jmt-spec-box\"><b>Wiek dziecka<\/b><span>Od 6 lat<\/span><\/div>\n    <div class=\"jmt-spec-box\"><b>Location<\/b><span>Jaworzno (Cementownia)<\/span><\/div>\n    <div class=\"jmt-spec-box\"><b>Sezon<\/b><span>Ca\u0142oroczny<\/span><\/div>\n    <div class=\"jmt-spec-box\"><b>Kontrola<\/b><span>Z instruktorem<\/span><\/div>\n  <\/section>\n\n  <!-- Opis g\u0142\u00f3wny -->\n  <div class=\"jmt-grid\">\n    <div class=\"jmt-card\">\n      <h3>Dla kogo ta przygoda?<\/h3>\n      Jazda Monster Truckiem to propozycja dla m\u0142odych fan\u00f3w motoryzacji. Idealna dla dzieci bez do\u015bwiadczenia \u2013 pojazd posiada uproszczone sterowanie i jest w pe\u0142ni dostosowany do wzrostu i mo\u017cliwo\u015bci dzieci.\n    <\/div>\n    <div class=\"jmt-card\">\n      <h3>Wyj\u0105tkowe Miejsce<\/h3>\n      Tor w Jaworznie to dawna cementownia. Industrialny klimat i naturalne nier\u00f3wno\u015bci terenu sprawiaj\u0105, \u017ce dziecko czuje si\u0119 jak na prawdziwym rajdzie terenowym.\n    <\/div>\n  <\/div>\n\n  <!-- BEZPIECZE\u0143STWO -->\n  <section class=\"jmt-safety-mega-section\">\n    <div class=\"jmt-safety-header\">\n      <div class=\"jmt-safety-icon\">\ud83d\udee1\ufe0f<\/div>\n      <div>\n        <h2>Bezpiecze\u0144stwo jest naszym priorytetem<\/h2>\n      <\/div>\n    <\/div>\n    <div class=\"jmt-safety-grid\">\n      <div class=\"jmt-safety-point\">Dodatkowe sterowanie dla instruktora (peda\u0142 hamulca i d\u017awignia gazu)<\/div>\n      <div class=\"jmt-safety-point\">Zamkni\u0119ty, prywatny teren off-road bez ruchu os\u00f3b postronnych<\/div>\n      <div class=\"jmt-safety-point\">Pojazd wyposa\u017cony w pasy bezpiecze\u0144stwa<\/div>\n      <div class=\"jmt-safety-point\">Mo\u017cliwo\u015b\u0107 natychmiastowego zatrzymania pojazdu przez instruktora<\/div>\n      <div class=\"jmt-safety-point\">Pr\u0119dko\u015b\u0107 zawsze dostosowana do wieku dziecka<\/div>\n      <div class=\"jmt-safety-point\">Sta\u0142a opieka instruktora siedz\u0105cego obok kierowcy<\/div>\n    <\/div>\n  <\/section>\n\n  <!-- Sekcja Opinii -->\n  <div class=\"jmt-reviews-header\">\n    <h2>Opinie naszych Klient\u00f3w<\/h2>\n    <p>Sprawd\u017a, co rodzice m\u00f3wi\u0105 o naszych jazdach<\/p>\n  <\/div>\n  <section style=\"margin-bottom: 30px;\">\n    <pre class=\"ti-widget\" style=\"display: none\"><template id=\"trustindex-google-widget-html\"><div class=\"ti-widget  ti-goog ti-review-text-mode-readmore ti-text-align-left\" data-no-translation=\"true\" data-time-locale=\"%d %s temu|dzi\u015b|dzie\u0144|dni|tydzie\u0144|tygodni|miesi\u0105c|miesi\u0119cy|rok|lat\" data-plugin-version=\"13.2.9\" data-layout-id=\"4\" data-layout-category=\"slider\" data-set-id=\"light-minimal\" data-pid=\"\" data-language=\"pl\" data-close-locale=\"Zamkn\u0105\u0107\" data-review-target-width=\"300\" data-css-version=\"2\" data-reply-by-locale=\"Odpowied\u017a w\u0142a\u015bciciela\" data-only-rating-locale=\"Ten u\u017cytkownik wystawi\u0142 tylko ocen\u0119.\" data-pager-autoplay-timeout=\"6\"> <div class=\"ti-widget-container ti-col-3\"> <div class=\"ti-reviews-container\"> <div class=\"ti-controls\"> <div class=\"ti-next\" aria-label=\"Nast\u0119pna recenzj\u0119\" role=\"button\" tabindex=\"0\"><\/div> <div class=\"ti-prev\" aria-label=\"Poprzednia recenzj\u0119\" role=\"button\" tabindex=\"0\"><\/div> <\/div> <div class=\"ti-reviews-container-wrapper\">  <div data-empty=\"0\" data-time=\"1774828800\" class=\"ti-review-item source-Google ti-image-layout-thumbnail\" data-id=\"cfcd208495d565ef66e7dff9f98764da\"> <div class=\"ti-inner\"> <div class=\"ti-review-header\"> <div class=\"ti-platform-icon ti-with-tooltip\"> <span class=\"ti-tooltip\">Opublikowano na <\/span> <trustindex-image data-imgurl=\"https:\/\/cdn.trustindex.io\/assets\/platform\/Google\/icon.svg\" alt=\"\" width=\"20\" height=\"20\" loading=\"lazy\"><\/trustindex-image> <\/div> <div class=\"ti-profile-img\"> <trustindex-image data-imgurl=\"https:\/\/lh3.googleusercontent.com\/a-\/ALV-UjXHB_IEL2tnWVRLRETqA4n_w3LkfAW_MeEVeYSKwRhoIteJwOfk=w40-h40-c-rp-mo-ba3-br100\" alt=\"Ivona A-E profile picture\" loading=\"lazy\"><\/trustindex-image> <\/div> <div class=\"ti-profile-details\"> <div class=\"ti-name\"> Ivona A-E <\/div> <div class=\"ti-date\"><\/div> <\/div> <\/div> <span class=\"ti-stars\"><trustindex-image class=\"ti-star\" data-imgurl=\"https:\/\/cdn.trustindex.io\/assets\/platform\/Google\/star\/f.svg\" alt=\"Google star 1\" width=\"17\" height=\"17\" loading=\"lazy\"><\/trustindex-image><trustindex-image class=\"ti-star\" data-imgurl=\"https:\/\/cdn.trustindex.io\/assets\/platform\/Google\/star\/f.svg\" alt=\"Google star 2\" width=\"17\" height=\"17\" loading=\"lazy\"><\/trustindex-image><trustindex-image class=\"ti-star\" data-imgurl=\"https:\/\/cdn.trustindex.io\/assets\/platform\/Google\/star\/f.svg\" alt=\"Google star 3\" width=\"17\" height=\"17\" loading=\"lazy\"><\/trustindex-image><trustindex-image class=\"ti-star\" data-imgurl=\"https:\/\/cdn.trustindex.io\/assets\/platform\/Google\/star\/f.svg\" alt=\"Google star 4\" width=\"17\" height=\"17\" loading=\"lazy\"><\/trustindex-image><trustindex-image class=\"ti-star\" data-imgurl=\"https:\/\/cdn.trustindex.io\/assets\/platform\/Google\/star\/f.svg\" alt=\"Google star 5\" width=\"17\" height=\"17\" loading=\"lazy\"><\/trustindex-image><span class=\"ti-verified-review ti-verified-platform\"><span class=\"ti-verified-tooltip\">Trustindex sprawdza, czy pierwotnym \u017ar\u00f3d\u0142em recenzji jest Google.<\/span><\/span><\/span> <div class=\"ti-review-text-container ti-review-content\"><!-- R-CONTENT -->Niesamowite przezycie prowadzic taka maszyne. Pan Michal z obslugi to wlasciwy czlowiek na wlasciwym miejscu. Wyrozumialy, cieroliwy i przesympatycznym. Wszystko tlumaczy, potrafi rozladowac stres i zmotywowac.Zdecydowanie wrocimy<!-- R-CONTENT --><\/div> <span class=\"ti-read-more\" data-container=\".ti-review-content\" data-collapse-text=\"Ukryj\" data-open-text=\"Czytaj wi\u0119cej\"><\/span> <\/div> <\/div>  <div data-empty=\"0\" data-time=\"1774656000\" class=\"ti-review-item source-Google ti-image-layout-thumbnail\" data-id=\"cfcd208495d565ef66e7dff9f98764da\"> <div class=\"ti-inner\"> <div class=\"ti-review-header\"> <div class=\"ti-platform-icon ti-with-tooltip\"> <span class=\"ti-tooltip\">Opublikowano na <\/span> <trustindex-image data-imgurl=\"https:\/\/cdn.trustindex.io\/assets\/platform\/Google\/icon.svg\" alt=\"\" width=\"20\" height=\"20\" loading=\"lazy\"><\/trustindex-image> <\/div> <div class=\"ti-profile-img\"> <trustindex-image data-imgurl=\"https:\/\/lh3.googleusercontent.com\/a-\/ALV-UjVYECHBTZd8JfgAa5jOPJSpG7BsYfChFpwtDZIUbDCBj9V2JUg=w40-h40-c-rp-mo-br100\" alt=\"Oliwier Zi\u0119tek profile picture\" loading=\"lazy\"><\/trustindex-image> <\/div> <div class=\"ti-profile-details\"> <div class=\"ti-name\"> Oliwier Zi\u0119tek <\/div> <div class=\"ti-date\"><\/div> <\/div> <\/div> <span class=\"ti-stars\"><trustindex-image class=\"ti-star\" data-imgurl=\"https:\/\/cdn.trustindex.io\/assets\/platform\/Google\/star\/f.svg\" alt=\"Google star 1\" width=\"17\" height=\"17\" loading=\"lazy\"><\/trustindex-image><trustindex-image class=\"ti-star\" data-imgurl=\"https:\/\/cdn.trustindex.io\/assets\/platform\/Google\/star\/f.svg\" alt=\"Google star 2\" width=\"17\" height=\"17\" loading=\"lazy\"><\/trustindex-image><trustindex-image class=\"ti-star\" data-imgurl=\"https:\/\/cdn.trustindex.io\/assets\/platform\/Google\/star\/f.svg\" alt=\"Google star 3\" width=\"17\" height=\"17\" loading=\"lazy\"><\/trustindex-image><trustindex-image class=\"ti-star\" data-imgurl=\"https:\/\/cdn.trustindex.io\/assets\/platform\/Google\/star\/f.svg\" alt=\"Google star 4\" width=\"17\" height=\"17\" loading=\"lazy\"><\/trustindex-image><trustindex-image class=\"ti-star\" data-imgurl=\"https:\/\/cdn.trustindex.io\/assets\/platform\/Google\/star\/f.svg\" alt=\"Google star 5\" width=\"17\" height=\"17\" loading=\"lazy\"><\/trustindex-image><span class=\"ti-verified-review ti-verified-platform\"><span class=\"ti-verified-tooltip\">Trustindex sprawdza, czy pierwotnym \u017ar\u00f3d\u0142em recenzji jest Google.<\/span><\/span><\/span> <div class=\"ti-review-text-container ti-review-content\"><!-- R-CONTENT -->Super<!-- R-CONTENT --><\/div> <span class=\"ti-read-more\" data-container=\".ti-review-content\" data-collapse-text=\"Ukryj\" data-open-text=\"Czytaj wi\u0119cej\"><\/span> <\/div> <\/div>  <div data-empty=\"0\" data-time=\"1774483200\" class=\"ti-review-item source-Google ti-image-layout-thumbnail\" data-id=\"cfcd208495d565ef66e7dff9f98764da\"> <div class=\"ti-inner\"> <div class=\"ti-review-header\"> <div class=\"ti-platform-icon ti-with-tooltip\"> <span class=\"ti-tooltip\">Opublikowano na <\/span> <trustindex-image data-imgurl=\"https:\/\/cdn.trustindex.io\/assets\/platform\/Google\/icon.svg\" alt=\"\" width=\"20\" height=\"20\" loading=\"lazy\"><\/trustindex-image> <\/div> <div class=\"ti-profile-img\"> <trustindex-image data-imgurl=\"https:\/\/lh3.googleusercontent.com\/a\/ACg8ocJZEODBb7UqpwI8BEBvaiAkTMRoAvCcdh5pd75KdLiQkqy4iw=w40-h40-c-rp-mo-br100\" alt=\"Rzelka profile picture\" loading=\"lazy\"><\/trustindex-image> <\/div> <div class=\"ti-profile-details\"> <div class=\"ti-name\"> Rzelka <\/div> <div class=\"ti-date\"><\/div> <\/div> <\/div> <span class=\"ti-stars\"><trustindex-image class=\"ti-star\" data-imgurl=\"https:\/\/cdn.trustindex.io\/assets\/platform\/Google\/star\/f.svg\" alt=\"Google star 1\" width=\"17\" height=\"17\" loading=\"lazy\"><\/trustindex-image><trustindex-image class=\"ti-star\" data-imgurl=\"https:\/\/cdn.trustindex.io\/assets\/platform\/Google\/star\/f.svg\" alt=\"Google star 2\" width=\"17\" height=\"17\" loading=\"lazy\"><\/trustindex-image><trustindex-image class=\"ti-star\" data-imgurl=\"https:\/\/cdn.trustindex.io\/assets\/platform\/Google\/star\/f.svg\" alt=\"Google star 3\" width=\"17\" height=\"17\" loading=\"lazy\"><\/trustindex-image><trustindex-image class=\"ti-star\" data-imgurl=\"https:\/\/cdn.trustindex.io\/assets\/platform\/Google\/star\/f.svg\" alt=\"Google star 4\" width=\"17\" height=\"17\" loading=\"lazy\"><\/trustindex-image><trustindex-image class=\"ti-star\" data-imgurl=\"https:\/\/cdn.trustindex.io\/assets\/platform\/Google\/star\/f.svg\" alt=\"Google star 5\" width=\"17\" height=\"17\" loading=\"lazy\"><\/trustindex-image><span class=\"ti-verified-review ti-verified-platform\"><span class=\"ti-verified-tooltip\">Trustindex sprawdza, czy pierwotnym \u017ar\u00f3d\u0142em recenzji jest Google.<\/span><\/span><\/span> <div class=\"ti-review-text-container ti-review-content\"><!-- R-CONTENT -->Prezent zosta\u0142 przyj\u0119ty z zachwytem.\nTeraz czekamy na wra\u017cenia z jazdy:-)<!-- R-CONTENT --><\/div> <span class=\"ti-read-more\" data-container=\".ti-review-content\" data-collapse-text=\"Ukryj\" data-open-text=\"Czytaj wi\u0119cej\"><\/span> <\/div> <\/div>  <div data-empty=\"0\" data-time=\"1774051200\" class=\"ti-review-item source-Google ti-image-layout-thumbnail\" data-id=\"cfcd208495d565ef66e7dff9f98764da\"> <div class=\"ti-inner\"> <div class=\"ti-review-header\"> <div class=\"ti-platform-icon ti-with-tooltip\"> <span class=\"ti-tooltip\">Opublikowano na <\/span> <trustindex-image data-imgurl=\"https:\/\/cdn.trustindex.io\/assets\/platform\/Google\/icon.svg\" alt=\"\" width=\"20\" height=\"20\" loading=\"lazy\"><\/trustindex-image> <\/div> <div class=\"ti-profile-img\"> <trustindex-image data-imgurl=\"https:\/\/lh3.googleusercontent.com\/a\/ACg8ocIiS6RixDyFWwvA47bhf7wbL9m8o4vTsOUUFmtHNVDC7efZ1Q=w40-h40-c-rp-mo-ba4-br100\" alt=\"Waldek Wilkosz profile picture\" loading=\"lazy\"><\/trustindex-image> <\/div> <div class=\"ti-profile-details\"> <div class=\"ti-name\"> Waldek Wilkosz <\/div> <div class=\"ti-date\"><\/div> <\/div> <\/div> <span class=\"ti-stars\"><trustindex-image class=\"ti-star\" data-imgurl=\"https:\/\/cdn.trustindex.io\/assets\/platform\/Google\/star\/f.svg\" alt=\"Google star 1\" width=\"17\" height=\"17\" loading=\"lazy\"><\/trustindex-image><trustindex-image class=\"ti-star\" data-imgurl=\"https:\/\/cdn.trustindex.io\/assets\/platform\/Google\/star\/f.svg\" alt=\"Google star 2\" width=\"17\" height=\"17\" loading=\"lazy\"><\/trustindex-image><trustindex-image class=\"ti-star\" data-imgurl=\"https:\/\/cdn.trustindex.io\/assets\/platform\/Google\/star\/f.svg\" alt=\"Google star 3\" width=\"17\" height=\"17\" loading=\"lazy\"><\/trustindex-image><trustindex-image class=\"ti-star\" data-imgurl=\"https:\/\/cdn.trustindex.io\/assets\/platform\/Google\/star\/f.svg\" alt=\"Google star 4\" width=\"17\" height=\"17\" loading=\"lazy\"><\/trustindex-image><trustindex-image class=\"ti-star\" data-imgurl=\"https:\/\/cdn.trustindex.io\/assets\/platform\/Google\/star\/f.svg\" alt=\"Google star 5\" width=\"17\" height=\"17\" loading=\"lazy\"><\/trustindex-image><span class=\"ti-verified-review ti-verified-platform\"><span class=\"ti-verified-tooltip\">Trustindex sprawdza, czy pierwotnym \u017ar\u00f3d\u0142em recenzji jest Google.<\/span><\/span><\/span> <div class=\"ti-review-text-container ti-review-content\"><!-- R-CONTENT -->Super prze\u017cycie dla os\u00f3b w prawie ka\u017cdym wieku polecam<!-- R-CONTENT --><\/div> <span class=\"ti-read-more\" data-container=\".ti-review-content\" data-collapse-text=\"Ukryj\" data-open-text=\"Czytaj wi\u0119cej\"><\/span> <\/div> <\/div>  <\/div> <div class=\"ti-controls-line\"> <div class=\"dot\"><\/div> <\/div> <\/div>    <\/div> <\/div> <\/template><\/pre><div data-src=\"https:\/\/cdn.trustindex.io\/loader.js?wp-widget\" data-template-id=\"trustindex-google-widget-html\" data-css-url=\"https:\/\/monstertruckpoland.pl\/wp-content\/uploads\/trustindex-google-widget.css?1776189653\"><\/div>\n  <\/section>\n\n  <!-- Praktyczne informacje -->\n  <div style=\"background: #fdfdfd; padding: 20px; border-radius: 20px; border: 1px solid #eee; font-size: 14px;\">\n    <strong>Pogoda? Nie ma znaczenia!<\/strong> Monster Trucki kochaj\u0105 deszcz i b\u0142oto. Je\u017adzimy przez ca\u0142y rok.<br><br>\n    <strong>Ubi\u00f3r:<\/strong> Wygodny, sportowy str\u00f3j. Na torze mo\u017ce si\u0119 kurzy\u0107, wi\u0119c warto zabra\u0107 ubrania na zmian\u0119.\n  <\/div>\n\n  <!-- Stopka CTA -->\n  <footer class=\"jmt-footer\">\n    <p style=\"font-weight: bold; color: #555; margin-bottom: 20px; font-size: 14px;\">Podaruj dziecku niezapomniane emocje!<\/p>\n    <!-- Przycisk przewijaj\u0105cy do g\u00f3ry -->\n    <a class=\"jmt-cta-btn\" onclick=\"window.scrollTo({top: 0, behavior: 'smooth'}); return false;\">Przejd\u017a do zakupu<\/a>\n  <\/footer>\n<\/div>\t\t\t\t\t\t\t\t<\/div>\n\t\t\t\t\t<\/div>\n\t\t\t\t<\/div>\n\t\t\t\t<\/div>","protected":false},"excerpt":{"rendered":"<p>Do\u015bwiadcz ekscytuj\u0105cej jazdy Monster Truckiem dla dzieci! Ten pakiet jest idealny dla dzieci i m\u0142odzie\u017cy, kt\u00f3re chc\u0105 spe\u0142ni\u0107 swoje marzenia o prowadzeniu samochodu. Kr\u00f3tkie szkolenie i przeja\u017cd\u017cka po torze jako kierowca zapewni\u0105 niezapomnian\u0105 przygod\u0119! Jednocze\u015bnie Mini Monster Truck gwarantuje bezpiecze\u0144stwo, dzi\u0119ki do\u015bwiadczonemu instruktorowi i specjalnie zaprojektowanemu pojazdowi dla najm\u0142odszych kierowc\u00f3w. Niezale\u017cnie od warunk\u00f3w pogodowych, Mini Monster Truck zapewnia emocje przez ca\u0142y rok!<\/p>","protected":false},"featured_media":29278,"comment_status":"open","ping_status":"closed","template":"","meta":[],"product_brand":[],"product_cat":[21,25],"product_tag":[],"class_list":{"0":"post-29240","1":"product","2":"type-product","3":"status-publish","4":"has-post-thumbnail","6":"product_cat-jaworzno","7":"product_cat-mini-monster-truck","9":"first","10":"instock","11":"taxable","12":"shipping-taxable","13":"purchasable","14":"product-type-variable","15":"has-default-attributes"},"_links":{"self":[{"href":"https:\/\/monstertruckpoland.pl\/en\/wp-json\/wp\/v2\/product\/29240","targetHints":{"allow":["GET"]}}],"collection":[{"href":"https:\/\/monstertruckpoland.pl\/en\/wp-json\/wp\/v2\/product"}],"about":[{"href":"https:\/\/monstertruckpoland.pl\/en\/wp-json\/wp\/v2\/types\/product"}],"replies":[{"embeddable":true,"href":"https:\/\/monstertruckpoland.pl\/en\/wp-json\/wp\/v2\/comments?post=29240"}],"version-history":[{"count":5,"href":"https:\/\/monstertruckpoland.pl\/en\/wp-json\/wp\/v2\/product\/29240\/revisions"}],"predecessor-version":[{"id":31617,"href":"https:\/\/monstertruckpoland.pl\/en\/wp-json\/wp\/v2\/product\/29240\/revisions\/31617"}],"wp:featuredmedia":[{"embeddable":true,"href":"https:\/\/monstertruckpoland.pl\/en\/wp-json\/wp\/v2\/media\/29278"}],"wp:attachment":[{"href":"https:\/\/monstertruckpoland.pl\/en\/wp-json\/wp\/v2\/media?parent=29240"}],"wp:term":[{"taxonomy":"product_brand","embeddable":true,"href":"https:\/\/monstertruckpoland.pl\/en\/wp-json\/wp\/v2\/product_brand?post=29240"},{"taxonomy":"product_cat","embeddable":true,"href":"https:\/\/monstertruckpoland.pl\/en\/wp-json\/wp\/v2\/product_cat?post=29240"},{"taxonomy":"product_tag","embeddable":true,"href":"https:\/\/monstertruckpoland.pl\/en\/wp-json\/wp\/v2\/product_tag?post=29240"}],"curies":[{"name":"wp","href":"https:\/\/api.w.org\/{rel}","templated":true}]}}