{"id":14885,"date":"2023-06-22T21:29:18","date_gmt":"2023-06-22T19:29:18","guid":{"rendered":"https:\/\/monstertruckpoland.pl\/eventy-2\/"},"modified":"2025-07-16T13:03:20","modified_gmt":"2025-07-16T11:03:20","slug":"eventy","status":"publish","type":"page","link":"https:\/\/monstertruckpoland.pl\/en\/eventy\/","title":{"rendered":"Events"},"content":{"rendered":"<div data-elementor-type=\"wp-page\" data-elementor-id=\"14885\" class=\"elementor elementor-14885\" data-elementor-post-type=\"page\">\n\t\t\t\t<div class=\"elementor-element elementor-element-7bab4668 e-flex e-con-boxed e-con e-parent\" data-id=\"7bab4668\" data-element_type=\"container\" data-e-type=\"container\">\n\t\t\t\t\t<div class=\"e-con-inner\">\n\t\t<div class=\"elementor-element elementor-element-6847bde0 e-con-full e-flex e-con e-child\" data-id=\"6847bde0\" data-element_type=\"container\" data-e-type=\"container\">\n\t\t\t\t<div class=\"elementor-element elementor-element-fcf07e9 elementor-widget elementor-widget-heading\" data-id=\"fcf07e9\" data-element_type=\"widget\" data-e-type=\"widget\" data-widget_type=\"heading.default\">\n\t\t\t\t\t<h1 class=\"elementor-heading-title elementor-size-default\">Monster Truck - events, shows, marketing\n<br>B2B proposal<\/h1>\t\t\t\t<\/div>\n\t\t\t\t<\/div>\n\t\t<div class=\"elementor-element elementor-element-36a8b9d9 e-con-full e-flex e-con e-child\" data-id=\"36a8b9d9\" data-element_type=\"container\" data-e-type=\"container\">\n\t\t\t\t<div class=\"elementor-element elementor-element-2f1e72f4 elementor-widget__width-initial elementor-widget elementor-widget-image\" data-id=\"2f1e72f4\" data-element_type=\"widget\" data-e-type=\"widget\" data-widget_type=\"image.default\">\n\t\t\t\t\t\t\t\t\t\t\t\t\t\t\t<img fetchpriority=\"high\" decoding=\"async\" width=\"800\" height=\"600\" src=\"https:\/\/monstertruckpoland.pl\/wp-content\/uploads\/2023\/07\/Zdjecie-5-1024x768.jpg\" class=\"attachment-large size-large wp-image-15890\" alt=\"Na zdj\u0119ciu widzimy efektown\u0105 wystaw\u0119 z monster truckiem i klasycznym autem, otoczon\u0105 neonami nawi\u0105zuj\u0105cymi do ameryka\u0144skiej kultury.\" srcset=\"https:\/\/monstertruckpoland.pl\/wp-content\/uploads\/2023\/07\/Zdjecie-5-1024x768.jpg 1024w, https:\/\/monstertruckpoland.pl\/wp-content\/uploads\/2023\/07\/Zdjecie-5-scaled-600x450.jpg 600w, https:\/\/monstertruckpoland.pl\/wp-content\/uploads\/2023\/07\/Zdjecie-5-300x225.jpg 300w, https:\/\/monstertruckpoland.pl\/wp-content\/uploads\/2023\/07\/Zdjecie-5-768x576.jpg 768w, https:\/\/monstertruckpoland.pl\/wp-content\/uploads\/2023\/07\/Zdjecie-5-1536x1152.jpg 1536w, https:\/\/monstertruckpoland.pl\/wp-content\/uploads\/2023\/07\/Zdjecie-5-2048x1536.jpg 2048w, https:\/\/monstertruckpoland.pl\/wp-content\/uploads\/2023\/07\/Zdjecie-5-16x12.jpg 16w\" sizes=\"(max-width: 800px) 100vw, 800px\" \/>\t\t\t\t\t\t\t\t\t\t\t\t\t\t\t<\/div>\n\t\t\t\t<div class=\"elementor-element elementor-element-5b4ec62 elementor-skin-carousel elementor-arrows-yes elementor-pagination-type-bullets elementor-pagination-position-outside elementor-widget elementor-widget-media-carousel\" data-id=\"5b4ec62\" data-element_type=\"widget\" data-e-type=\"widget\" data-settings=\"{&quot;slides_per_view&quot;:&quot;1&quot;,&quot;autoplay_speed&quot;:3000,&quot;skin&quot;:&quot;carousel&quot;,&quot;effect&quot;:&quot;slide&quot;,&quot;show_arrows&quot;:&quot;yes&quot;,&quot;pagination&quot;:&quot;bullets&quot;,&quot;speed&quot;:500,&quot;autoplay&quot;:&quot;yes&quot;,&quot;loop&quot;:&quot;yes&quot;,&quot;pause_on_hover&quot;:&quot;yes&quot;,&quot;pause_on_interaction&quot;:&quot;yes&quot;,&quot;space_between&quot;:{&quot;unit&quot;:&quot;px&quot;,&quot;size&quot;:10,&quot;sizes&quot;:[]},&quot;space_between_tablet&quot;:{&quot;unit&quot;:&quot;px&quot;,&quot;size&quot;:10,&quot;sizes&quot;:[]},&quot;space_between_mobile&quot;:{&quot;unit&quot;:&quot;px&quot;,&quot;size&quot;:10,&quot;sizes&quot;:[]}}\" data-widget_type=\"media-carousel.default\">\n\t\t\t\t\t\t\t\t\t\t<div class=\"elementor-main-swiper swiper\" role=\"region\" aria-roledescription=\"carousel\" aria-label=\"Slajdy\">\n\t\t\t\t<div class=\"swiper-wrapper\">\n\t\t\t\t\t\t\t\t\t\t\t<div class=\"swiper-slide\" role=\"group\" aria-roledescription=\"slide\">\n\t\t\t\t\t\t\t\t\t<div class=\"elementor-carousel-image\" role=\"img\" aria-label=\"Na zdj\u0119ciu wida\u0107 pot\u0119\u017cny monster truck jad\u0105cy ulic\u0105, ozdobiony reklamami sylwestrowej imprezy, co podkre\u015bla jego widowiskowy charakter.\" style=\"background-image: url(&#039;https:\/\/monstertruckpoland.pl\/wp-content\/uploads\/2023\/07\/Zdjecie-8-scaled.jpg&#039;)\">\n\n\t\t\t\n\t\t\t\t\t<\/div>\n\t\t\t\t\t\t\t\t<\/div>\n\t\t\t\t\t\t\t\t\t\t\t<div class=\"swiper-slide\" role=\"group\" aria-roledescription=\"slide\">\n\t\t\t\t\t\t\t\t\t<div class=\"elementor-carousel-image\" role=\"img\" aria-label=\"Na zielonej trawie stoi monster truck ozdobiony reklamami i flagami, gotowy do imprez dla fan\u00f3w w ka\u017cdym wieku.\" style=\"background-image: url(&#039;https:\/\/monstertruckpoland.pl\/wp-content\/uploads\/2023\/07\/Zdjecie-6-scaled.jpg&#039;)\">\n\n\t\t\t\n\t\t\t\t\t<\/div>\n\t\t\t\t\t\t\t\t<\/div>\n\t\t\t\t\t\t\t\t\t\t\t<div class=\"swiper-slide\" role=\"group\" aria-roledescription=\"slide\">\n\t\t\t\t\t\t\t\t\t<div class=\"elementor-carousel-image\" role=\"img\" aria-label=\"Ogromny niebieski monster truck z pot\u0119\u017cnymi ko\u0142ami jedzie po asfaltowej drodze, prezentuj\u0105c swoj\u0105 imponuj\u0105c\u0105 wysoko\u015b\u0107 i moc.\" style=\"background-image: url(&#039;https:\/\/monstertruckpoland.pl\/wp-content\/uploads\/2023\/07\/Zdjecie-7-1-scaled.jpg&#039;)\">\n\n\t\t\t\n\t\t\t\t\t<\/div>\n\t\t\t\t\t\t\t\t<\/div>\n\t\t\t\t\t\t\t\t\t<\/div>\n\t\t\t\t\t\t\t\t\t\t\t\t\t\t\t<div class=\"elementor-swiper-button elementor-swiper-button-prev\" role=\"button\" tabindex=\"0\" aria-label=\"Poprzedni\">\n\t\t\t\t\t\t\t<svg aria-hidden=\"true\" class=\"e-font-icon-svg e-eicon-chevron-left\" viewbox=\"0 0 1000 1000\" xmlns=\"http:\/\/www.w3.org\/2000\/svg\"><path d=\"M646 125C629 125 613 133 604 142L308 442C296 454 292 471 292 487 292 504 296 521 308 533L604 854C617 867 629 875 646 875 663 875 679 871 692 858 704 846 713 829 713 812 713 796 708 779 692 767L438 487 692 225C700 217 708 204 708 187 708 171 704 154 692 142 675 129 663 125 646 125Z\"><\/path><\/svg>\t\t\t\t\t\t<\/div>\n\t\t\t\t\t\t<div class=\"elementor-swiper-button elementor-swiper-button-next\" role=\"button\" tabindex=\"0\" aria-label=\"Nast\u0119pny\">\n\t\t\t\t\t\t\t<svg aria-hidden=\"true\" class=\"e-font-icon-svg e-eicon-chevron-right\" viewbox=\"0 0 1000 1000\" xmlns=\"http:\/\/www.w3.org\/2000\/svg\"><path d=\"M696 533C708 521 713 504 713 487 713 471 708 454 696 446L400 146C388 133 375 125 354 125 338 125 325 129 313 142 300 154 292 171 292 187 292 204 296 221 308 233L563 492 304 771C292 783 288 800 288 817 288 833 296 850 308 863 321 871 338 875 354 875 371 875 388 867 400 854L696 533Z\"><\/path><\/svg>\t\t\t\t\t\t<\/div>\n\t\t\t\t\t\t\t\t\t\t\t\t\t\t\t\t<div class=\"swiper-pagination\"><\/div>\n\t\t\t\t\t\t\t\t\t\t\t\t<\/div>\n\t\t\t\t\t\t\t\t<\/div>\n\t\t\t\t<\/div>\n\t\t<div class=\"elementor-element elementor-element-39249300 e-con-full e-flex e-con e-child\" data-id=\"39249300\" data-element_type=\"container\" data-e-type=\"container\">\n\t\t\t\t<div class=\"elementor-element elementor-element-4f5339a6 elementor-widget elementor-widget-text-editor\" data-id=\"4f5339a6\" data-element_type=\"widget\" data-e-type=\"widget\" data-widget_type=\"text-editor.default\">\n\t\t\t\t\t\t\t\t\t<p>As the only ones in Poland, and perhaps even in Europe, we have <strong>four<\/strong> breathtaking <strong>Monster Trucks<\/strong>. <br \/>These colossal vehicles attract attention, spark interest, and awe wherever they appear!<\/p>\t\t\t\t\t\t\t\t<\/div>\n\t\t\t\t<div class=\"elementor-element elementor-element-6b40d40e elementor-widget elementor-widget-heading\" data-id=\"6b40d40e\" data-element_type=\"widget\" data-e-type=\"widget\" data-widget_type=\"heading.default\">\n\t\t\t\t\t<h2 class=\"elementor-heading-title elementor-size-default\">Check out our offer for companies<br>\nSpecial gift packages<\/h2>\t\t\t\t<\/div>\n\t\t\t\t<div class=\"elementor-element elementor-element-568a1db5 elementor-widget elementor-widget-text-editor\" data-id=\"568a1db5\" data-element_type=\"widget\" data-e-type=\"widget\" data-widget_type=\"text-editor.default\">\n\t\t\t\t\t\t\t\t\t<p>We present a completely unprecedented offer to rent these unique vehicles for brand promotion or events. <br \/>The possibilities of our Monster Trucks in this regard are as immense as... they themselves!<\/p>\t\t\t\t\t\t\t\t<\/div>\n\t\t\t\t<div class=\"elementor-element elementor-element-79c19c44 elementor-widget elementor-widget-heading\" data-id=\"79c19c44\" data-element_type=\"widget\" data-e-type=\"widget\" data-widget_type=\"heading.default\">\n\t\t\t\t\t<h2 class=\"elementor-heading-title elementor-size-default\">For corporate events, we offer:<\/h2>\t\t\t\t<\/div>\n\t\t\t\t<div class=\"elementor-element elementor-element-53daec0f elementor-widget elementor-widget-text-editor\" data-id=\"53daec0f\" data-element_type=\"widget\" data-e-type=\"widget\" data-widget_type=\"text-editor.default\">\n\t\t\t\t\t\t\t\t\t<ul><li>show rides and <strong>taxi services for customers<\/strong><\/li><li><strong>wrecks riding shows<\/strong> \u2013 Monster Truck Show<\/li><li><strong>driving lessons for clients behind the wheel<\/strong> under the supervision of an instructor (<a href=\"https:\/\/monstertruckpoland.pl\/en\/voucher\/jazda-monster-truck\/\">Monster Truck Driving Experience<\/a>)<\/li><li>photo shoots, film sets, music videos, and extensive <strong>event marketing<\/strong> involving Monster Trucks<\/li><li><strong>mobile advertising<\/strong> in the form of city rides, for example, to amplify an event<\/li><li>full <strong>branding of the vehicle<\/strong> \u2013 dressing the trucks in the client's desired colors<\/li><\/ul>\t\t\t\t\t\t\t\t<\/div>\n\t\t\t\t<div class=\"elementor-element elementor-element-422d2658 elementor-align-center elementor-invisible elementor-widget elementor-widget-button\" data-id=\"422d2658\" data-element_type=\"widget\" data-e-type=\"widget\" data-settings=\"{&quot;_animation&quot;:&quot;fadeInUp&quot;,&quot;_animation_delay&quot;:300}\" data-widget_type=\"button.default\">\n\t\t\t\t\t\t\t\t\t\t<a class=\"elementor-button elementor-button-link elementor-size-sm\" href=\"https:\/\/monstertruckpoland.pl\/en\/kontakt\/\" target=\"_blank\">\n\t\t\t\t\t\t<span class=\"elementor-button-content-wrapper\">\n\t\t\t\t\t\t\t\t\t<span class=\"elementor-button-text\">Contact us<\/span>\n\t\t\t\t\t<\/span>\n\t\t\t\t\t<\/a>\n\t\t\t\t\t\t\t\t<\/div>\n\t\t\t\t<\/div>\n\t\t\t\t\t<\/div>\n\t\t\t\t<\/div>\n\t\t<div class=\"elementor-element elementor-element-607815a2 e-flex e-con-boxed e-con e-parent\" data-id=\"607815a2\" data-element_type=\"container\" data-e-type=\"container\" data-settings=\"{&quot;background_background&quot;:&quot;classic&quot;}\">\n\t\t\t\t\t<div class=\"e-con-inner\">\n\t\t<div class=\"elementor-element elementor-element-2b1b9c50 e-con-full e-flex e-con e-child\" data-id=\"2b1b9c50\" data-element_type=\"container\" data-e-type=\"container\">\n\t\t\t\t<div class=\"elementor-element elementor-element-affa003 elementor-widget elementor-widget-heading\" data-id=\"affa003\" data-element_type=\"widget\" data-e-type=\"widget\" data-widget_type=\"heading.default\">\n\t\t\t\t\t<h2 class=\"elementor-heading-title elementor-size-default\">Why is it worth it?<\/h2>\t\t\t\t<\/div>\n\t\t\t\t<div class=\"elementor-element elementor-element-76024551 elementor-widget__width-initial elementor-widget-mobile__width-inherit elementor-invisible elementor-widget elementor-widget-icon-box\" data-id=\"76024551\" data-element_type=\"widget\" data-e-type=\"widget\" data-settings=\"{&quot;_animation&quot;:&quot;fadeInUp&quot;}\" data-widget_type=\"icon-box.default\">\n\t\t\t\t\t\t\t<div class=\"elementor-icon-box-wrapper\">\n\n\t\t\t\n\t\t\t\t\t\t<div class=\"elementor-icon-box-content\">\n\n\t\t\t\t\t\t\t\t\t<h3 class=\"elementor-icon-box-title\">\n\t\t\t\t\t\t<span  >\n\t\t\t\t\t\t\tUNLIMITED POSSIBILITIES\t\t\t\t\t\t<\/span>\n\t\t\t\t\t<\/h3>\n\t\t\t\t\n\t\t\t\t\t\t\t\t\t<p class=\"elementor-icon-box-description\">\n\t\t\t\t\t\tMonster Truck as a podium for the company's CEO or a mobile stage for a conference host? We are open to all ideas, even those on the verge of the cosmos. \t\t\t\t\t<\/p>\n\t\t\t\t\n\t\t\t<\/div>\n\t\t\t\n\t\t<\/div>\n\t\t\t\t\t\t<\/div>\n\t\t\t\t<div class=\"elementor-element elementor-element-2fe0758 elementor-widget__width-initial elementor-widget-mobile__width-inherit elementor-invisible elementor-widget elementor-widget-icon-box\" data-id=\"2fe0758\" data-element_type=\"widget\" data-e-type=\"widget\" data-settings=\"{&quot;_animation&quot;:&quot;fadeInUp&quot;}\" data-widget_type=\"icon-box.default\">\n\t\t\t\t\t\t\t<div class=\"elementor-icon-box-wrapper\">\n\n\t\t\t\n\t\t\t\t\t\t<div class=\"elementor-icon-box-content\">\n\n\t\t\t\t\t\t\t\t\t<h3 class=\"elementor-icon-box-title\">\n\t\t\t\t\t\t<span  >\n\t\t\t\t\t\t\tMOBILE ADVERTISING\t\t\t\t\t\t<\/span>\n\t\t\t\t\t<\/h3>\n\t\t\t\t\n\t\t\t\t\t\t\t\t\t<p class=\"elementor-icon-box-description\">\n\t\t\t\t\t\tAn excellent tool for event or product promotion. A Monster Truck with your brand's branding will capture everyone's attention! \t\t\t\t\t<\/p>\n\t\t\t\t\n\t\t\t<\/div>\n\t\t\t\n\t\t<\/div>\n\t\t\t\t\t\t<\/div>\n\t\t\t\t<div class=\"elementor-element elementor-element-1401b413 elementor-widget__width-initial elementor-widget-mobile__width-inherit elementor-invisible elementor-widget elementor-widget-icon-box\" data-id=\"1401b413\" data-element_type=\"widget\" data-e-type=\"widget\" data-settings=\"{&quot;_animation&quot;:&quot;fadeInUp&quot;}\" data-widget_type=\"icon-box.default\">\n\t\t\t\t\t\t\t<div class=\"elementor-icon-box-wrapper\">\n\n\t\t\t\n\t\t\t\t\t\t<div class=\"elementor-icon-box-content\">\n\n\t\t\t\t\t\t\t\t\t<h3 class=\"elementor-icon-box-title\">\n\t\t\t\t\t\t<span  >\n\t\t\t\t\t\t\tUNLIMITED REACH\t\t\t\t\t\t<\/span>\n\t\t\t\t\t<\/h3>\n\t\t\t\t\n\t\t\t\t\t\t\t\t\t<p class=\"elementor-icon-box-description\">\n\t\t\t\t\t\tWe love to travel. Therefore, reaching the location of your choice is pure pleasure for us and our machines. Even if we return covered in mud! \t\t\t\t\t<\/p>\n\t\t\t\t\n\t\t\t<\/div>\n\t\t\t\n\t\t<\/div>\n\t\t\t\t\t\t<\/div>\n\t\t\t\t<div class=\"elementor-element elementor-element-16681713 elementor-widget__width-initial elementor-widget-mobile__width-inherit elementor-invisible elementor-widget elementor-widget-icon-box\" data-id=\"16681713\" data-element_type=\"widget\" data-e-type=\"widget\" data-settings=\"{&quot;_animation&quot;:&quot;fadeInUp&quot;}\" data-widget_type=\"icon-box.default\">\n\t\t\t\t\t\t\t<div class=\"elementor-icon-box-wrapper\">\n\n\t\t\t\n\t\t\t\t\t\t<div class=\"elementor-icon-box-content\">\n\n\t\t\t\t\t\t\t\t\t<h3 class=\"elementor-icon-box-title\">\n\t\t\t\t\t\t<span  >\n\t\t\t\t\t\t\tWEDDINGS AND SPECIAL OCCASIONS\t\t\t\t\t\t<\/span>\n\t\t\t\t\t<\/h3>\n\t\t\t\t\n\t\t\t\t\t\t\t\t\t<p class=\"elementor-icon-box-description\">\n\t\t\t\t\t\tLimousines, carriages, or motorcycles \u2013 these are the most popular ideas for wedding vehicles. For those who appreciate uniqueness, the perfect way to highlight the importance of such an event will be... the heaviest weight \u2013 a Monster Truck! \t\t\t\t\t<\/p>\n\t\t\t\t\n\t\t\t<\/div>\n\t\t\t\n\t\t<\/div>\n\t\t\t\t\t\t<\/div>\n\t\t\t\t<\/div>\n\t\t\t\t<div class=\"elementor-element elementor-element-4b4d0a06 elementor-widget__width-initial elementor-widget elementor-widget-image\" data-id=\"4b4d0a06\" data-element_type=\"widget\" data-e-type=\"widget\" data-widget_type=\"image.default\">\n\t\t\t\t\t\t\t\t\t\t\t\t\t\t\t<img decoding=\"async\" width=\"768\" height=\"1024\" src=\"https:\/\/monstertruckpoland.pl\/wp-content\/uploads\/2023\/07\/Zdjecie-4-768x1024.jpeg\" class=\"attachment-large size-large wp-image-15889\" alt=\"Na zdj\u0119ciu wida\u0107 grup\u0119 os\u00f3b pozuj\u0105cych na ogromnym monster trucku otoczonym dwoma czerwonymi flagami z napisem START.\" srcset=\"https:\/\/monstertruckpoland.pl\/wp-content\/uploads\/2023\/07\/Zdjecie-4-768x1024.jpeg 768w, https:\/\/monstertruckpoland.pl\/wp-content\/uploads\/2023\/07\/Zdjecie-4-scaled-600x800.jpeg 600w, https:\/\/monstertruckpoland.pl\/wp-content\/uploads\/2023\/07\/Zdjecie-4-225x300.jpeg 225w, https:\/\/monstertruckpoland.pl\/wp-content\/uploads\/2023\/07\/Zdjecie-4-1152x1536.jpeg 1152w, https:\/\/monstertruckpoland.pl\/wp-content\/uploads\/2023\/07\/Zdjecie-4-1536x2048.jpeg 1536w, https:\/\/monstertruckpoland.pl\/wp-content\/uploads\/2023\/07\/Zdjecie-4-9x12.jpeg 9w, https:\/\/monstertruckpoland.pl\/wp-content\/uploads\/2023\/07\/Zdjecie-4-scaled.jpeg 1920w\" sizes=\"(max-width: 768px) 100vw, 768px\" \/>\t\t\t\t\t\t\t\t\t\t\t\t\t\t\t<\/div>\n\t\t\t\t\t<\/div>\n\t\t\t\t<\/div>\n\t\t<div class=\"elementor-element elementor-element-7c971a56 e-flex e-con-boxed e-con e-parent\" data-id=\"7c971a56\" data-element_type=\"container\" data-e-type=\"container\" data-settings=\"{&quot;background_background&quot;:&quot;classic&quot;}\">\n\t\t\t\t\t<div class=\"e-con-inner\">\n\t\t<div class=\"elementor-element elementor-element-20e78ebb e-con-full e-flex e-con e-child\" data-id=\"20e78ebb\" data-element_type=\"container\" data-e-type=\"container\">\n\t\t\t\t<div class=\"elementor-element elementor-element-59257521 elementor-widget elementor-widget-heading\" data-id=\"59257521\" data-element_type=\"widget\" data-e-type=\"widget\" data-widget_type=\"heading.default\">\n\t\t\t\t\t<h2 class=\"elementor-heading-title elementor-size-default\">Other extreme vehicles in our garage include:<\/h2>\t\t\t\t<\/div>\n\t\t\t\t<div class=\"elementor-element elementor-element-482b266f elementor-widget__width-initial elementor-widget-mobile__width-inherit elementor-vertical-align-top elementor-invisible elementor-widget elementor-widget-image-box\" data-id=\"482b266f\" data-element_type=\"widget\" data-e-type=\"widget\" data-settings=\"{&quot;_animation&quot;:&quot;fadeInUp&quot;}\" data-widget_type=\"image-box.default\">\n\t\t\t\t\t<div class=\"elementor-image-box-wrapper\"><figure class=\"elementor-image-box-img\"><img decoding=\"async\" width=\"1280\" height=\"853\" src=\"https:\/\/monstertruckpoland.pl\/wp-content\/uploads\/2023\/06\/Mini-monster_1_.webp\" class=\"attachment-full size-full wp-image-14760\" alt=\"Niebieski Mini Monster Truck z kierowc\u0105 i pasa\u017cerem przemierza piaszczyst\u0105 tras\u0119, pokazuj\u0105c atrakcje off-roadowe w pobli\u017cu Warszawy.\" srcset=\"https:\/\/monstertruckpoland.pl\/wp-content\/uploads\/2023\/06\/Mini-monster_1_.webp 1280w, https:\/\/monstertruckpoland.pl\/wp-content\/uploads\/2023\/06\/Mini-monster_1_-600x400.webp 600w, https:\/\/monstertruckpoland.pl\/wp-content\/uploads\/2023\/06\/Mini-monster_1_-300x200.webp 300w, https:\/\/monstertruckpoland.pl\/wp-content\/uploads\/2023\/06\/Mini-monster_1_-1024x682.webp 1024w, https:\/\/monstertruckpoland.pl\/wp-content\/uploads\/2023\/06\/Mini-monster_1_-768x512.webp 768w\" sizes=\"(max-width: 1280px) 100vw, 1280px\" \/><\/figure><div class=\"elementor-image-box-content\"><h3 class=\"elementor-image-box-title\">Mini Monster Truck<\/h3><p class=\"elementor-image-box-description\">The Mini Monster Truck, a vehicle that guarantees unforgettable moments during the first extreme ride for young drivers! <\/p><\/div><\/div>\t\t\t\t<\/div>\n\t\t\t\t<div class=\"elementor-element elementor-element-29c2cb5 elementor-widget__width-initial elementor-widget-mobile__width-inherit elementor-vertical-align-top elementor-invisible elementor-widget elementor-widget-image-box\" data-id=\"29c2cb5\" data-element_type=\"widget\" data-e-type=\"widget\" data-settings=\"{&quot;_animation&quot;:&quot;fadeInUp&quot;}\" data-widget_type=\"image-box.default\">\n\t\t\t\t\t<div class=\"elementor-image-box-wrapper\"><figure class=\"elementor-image-box-img\"><img loading=\"lazy\" decoding=\"async\" width=\"1280\" height=\"854\" src=\"https:\/\/monstertruckpoland.pl\/wp-content\/uploads\/2023\/06\/Buggy-22-1-scaled1.jpg\" class=\"attachment-full size-full wp-image-14761\" alt=\"Zdj\u0119cie przedstawia terenowy pojazd w stylu monster truck, gotowy na przygody w b\u0142otnistym terenie przy \u015bwietle dziennego nieba.\" srcset=\"https:\/\/monstertruckpoland.pl\/wp-content\/uploads\/2023\/06\/Buggy-22-1-scaled1.jpg 1280w, https:\/\/monstertruckpoland.pl\/wp-content\/uploads\/2023\/06\/Buggy-22-1-scaled1-600x400.jpg 600w, https:\/\/monstertruckpoland.pl\/wp-content\/uploads\/2023\/06\/Buggy-22-1-scaled1-300x200.jpg 300w, https:\/\/monstertruckpoland.pl\/wp-content\/uploads\/2023\/06\/Buggy-22-1-scaled1-1024x683.jpg 1024w, https:\/\/monstertruckpoland.pl\/wp-content\/uploads\/2023\/06\/Buggy-22-1-scaled1-768x512.jpg 768w\" sizes=\"(max-width: 1280px) 100vw, 1280px\" \/><\/figure><div class=\"elementor-image-box-content\"><h3 class=\"elementor-image-box-title\">Buggy<\/h3><p class=\"elementor-image-box-description\">A dynamic vehicle designed for off-road desert adventures! With its lightweight and open construction, powered by a proportionally strong engine, it features bucket seats and four-point harnesses. <\/p><\/div><\/div>\t\t\t\t<\/div>\n\t\t\t\t<div class=\"elementor-element elementor-element-252e0407 elementor-widget__width-initial elementor-widget-mobile__width-inherit elementor-vertical-align-top elementor-invisible elementor-widget elementor-widget-image-box\" data-id=\"252e0407\" data-element_type=\"widget\" data-e-type=\"widget\" data-settings=\"{&quot;_animation&quot;:&quot;fadeInUp&quot;}\" data-widget_type=\"image-box.default\">\n\t\t\t\t\t<div class=\"elementor-image-box-wrapper\"><figure class=\"elementor-image-box-img\"><img loading=\"lazy\" decoding=\"async\" width=\"800\" height=\"600\" src=\"https:\/\/monstertruckpoland.pl\/wp-content\/uploads\/2023\/06\/GOPR3829-01-1024x768.jpg\" class=\"attachment-large size-large wp-image-14762\" alt=\"Pojazd wojskowy porusza si\u0119 przez piaszczysty teren pod b\u0142\u0119kitnym niebem, zapewniaj\u0105c pasa\u017cerom ekscytuj\u0105c\u0105 przygod\u0119 w otwartym terenie.\" srcset=\"https:\/\/monstertruckpoland.pl\/wp-content\/uploads\/2023\/06\/GOPR3829-01-1024x768.jpg 1024w, https:\/\/monstertruckpoland.pl\/wp-content\/uploads\/2023\/06\/GOPR3829-01-600x450.jpg 600w, https:\/\/monstertruckpoland.pl\/wp-content\/uploads\/2023\/06\/GOPR3829-01-300x225.jpg 300w, https:\/\/monstertruckpoland.pl\/wp-content\/uploads\/2023\/06\/GOPR3829-01-768x576.jpg 768w, https:\/\/monstertruckpoland.pl\/wp-content\/uploads\/2023\/06\/GOPR3829-01.jpg 1280w\" sizes=\"(max-width: 800px) 100vw, 800px\" \/><\/figure><div class=\"elementor-image-box-content\"><h3 class=\"elementor-image-box-title\">AMPHIBIOUS VEHICLE<\/h3><p class=\"elementor-image-box-description\">The Amphibious vehicle has been adapted to navigate through deep snow and northern Swedish marshes. In the realities of our climate, there are no off-road obstacles that this vehicle wouldn't overcome! <\/p><\/div><\/div>\t\t\t\t<\/div>\n\t\t\t\t<div class=\"elementor-element elementor-element-37b2c07a elementor-widget__width-initial elementor-widget-mobile__width-inherit elementor-vertical-align-top elementor-invisible elementor-widget elementor-widget-image-box\" data-id=\"37b2c07a\" data-element_type=\"widget\" data-e-type=\"widget\" data-settings=\"{&quot;_animation&quot;:&quot;fadeInUp&quot;}\" data-widget_type=\"image-box.default\">\n\t\t\t\t\t<div class=\"elementor-image-box-wrapper\"><figure class=\"elementor-image-box-img\"><img loading=\"lazy\" decoding=\"async\" width=\"1173\" height=\"1040\" src=\"https:\/\/monstertruckpoland.pl\/wp-content\/uploads\/2023\/06\/2U3A0563-e1687441233175.jpg\" class=\"attachment-full size-full wp-image-14763\" alt=\"Na zdj\u0119ciu wida\u0107 kopark\u0119 z uniesion\u0105 \u0142y\u017ck\u0105, z kt\u00f3rej opada ziemia, na otwartej przestrzeni, co dodaje dynamiki i surowego uroku krajobrazowi z b\u0142\u0119kitem nieba w tle.\" srcset=\"https:\/\/monstertruckpoland.pl\/wp-content\/uploads\/2023\/06\/2U3A0563-e1687441233175.jpg 1173w, https:\/\/monstertruckpoland.pl\/wp-content\/uploads\/2023\/06\/2U3A0563-e1687441233175-600x532.jpg 600w, https:\/\/monstertruckpoland.pl\/wp-content\/uploads\/2023\/06\/2U3A0563-e1687441233175-300x266.jpg 300w, https:\/\/monstertruckpoland.pl\/wp-content\/uploads\/2023\/06\/2U3A0563-e1687441233175-1024x908.jpg 1024w, https:\/\/monstertruckpoland.pl\/wp-content\/uploads\/2023\/06\/2U3A0563-e1687441233175-768x681.jpg 768w\" sizes=\"(max-width: 1173px) 100vw, 1173px\" \/><\/figure><div class=\"elementor-image-box-content\"><h3 class=\"elementor-image-box-title\">EXCAVATOR<\/h3><p class=\"elementor-image-box-description\">An attraction similar to a tractor in many ways, it surprises with its simplicity and the joy it brings through its operation! <\/p><\/div><\/div>\t\t\t\t<\/div>\n\t\t\t\t<\/div>\n\t\t\t\t\t<\/div>\n\t\t\t\t<\/div>\n\t\t\t\t<\/div>","protected":false},"excerpt":{"rendered":"<p>Monster Truck \u2013 eventy, pokazy, marketing Oferta dla firm Jako jedyni w Polsce, a by\u0107 mo\u017ce nawet w Europie, dysponujemy czterema zapieraj\u0105cymi dech w piersiach Monster Truckami. Ogromne pojazdy przyci\u0105gaj\u0105 uwag\u0119 i wzbudzaj\u0105 zainteresowanie oraz zachwyt, gdziekolwiek by si\u0119 nie pojawi\u0142y! Sprawd\u017a ofert\u0119 dla firm Specjalne pakiety prezentowe Przedstawiamy zupe\u0142nie niespotykan\u0105 ofert\u0119 wynaj\u0119cia tych oryginalnych [&hellip;]<\/p>\n","protected":false},"author":8,"featured_media":0,"parent":0,"menu_order":0,"comment_status":"closed","ping_status":"closed","template":"elementor_header_footer","meta":{"footnotes":""},"class_list":["post-14885","page","type-page","status-publish","hentry"],"_links":{"self":[{"href":"https:\/\/monstertruckpoland.pl\/en\/wp-json\/wp\/v2\/pages\/14885","targetHints":{"allow":["GET"]}}],"collection":[{"href":"https:\/\/monstertruckpoland.pl\/en\/wp-json\/wp\/v2\/pages"}],"about":[{"href":"https:\/\/monstertruckpoland.pl\/en\/wp-json\/wp\/v2\/types\/page"}],"author":[{"embeddable":true,"href":"https:\/\/monstertruckpoland.pl\/en\/wp-json\/wp\/v2\/users\/8"}],"replies":[{"embeddable":true,"href":"https:\/\/monstertruckpoland.pl\/en\/wp-json\/wp\/v2\/comments?post=14885"}],"version-history":[{"count":31,"href":"https:\/\/monstertruckpoland.pl\/en\/wp-json\/wp\/v2\/pages\/14885\/revisions"}],"predecessor-version":[{"id":23215,"href":"https:\/\/monstertruckpoland.pl\/en\/wp-json\/wp\/v2\/pages\/14885\/revisions\/23215"}],"wp:attachment":[{"href":"https:\/\/monstertruckpoland.pl\/en\/wp-json\/wp\/v2\/media?parent=14885"}],"curies":[{"name":"wp","href":"https:\/\/api.w.org\/{rel}","templated":true}]}}